{"id":228,"date":"2022-12-21T14:38:50","date_gmt":"2022-12-21T11:38:50","guid":{"rendered":"https:\/\/www.serifyavuz.com\/de\/?page_id=228"},"modified":"2023-02-21T17:45:35","modified_gmt":"2023-02-21T14:45:35","slug":"uber-uns","status":"publish","type":"page","link":"https:\/\/www.serifyavuz.com\/de\/uber-uns\/","title":{"rendered":"\u00dcber Uns"},"content":{"rendered":"<h3>Wer ist Dr.med.chir. \u015eerif Yavuz?<\/h3>\n<p>Dr.med.chir. Serif Yavuz wurde 1983 in Istanbul geboren. Er schloss seine Grund- und Mittelschulausbildung in Istanbul ab. Im Jahr 2000 begann er seine Ausbildung zum Arzt an der Dokuz Eyl\u00fcl Universit\u00e4t f\u00fcr Medizin.Nach dem Abschluss seiner Ausbildung im Jahr 2007 absolvierte er erfolgreich seine Ausbildung f\u00fcr rekonstruktive und \u00e4sthetische Chirurgie, die er im Jahr 2014 an der medizinischen Fakult\u00e4t der Abant Izzet Baysal Universit\u00e4t begann.<\/p>\n<p>W\u00e4hrend seiner Facharztausbildung erhielt er 2013 eine mikrochirurgische Ausbildung an der Schweizer Universit\u00e4t Z\u00fcrich. Insbesondere untersuchte er die Auswirkungen von Stammzellen ad PRP auf die Kollagensynthese, und er machte viele Fallstudien und Forschungen auf diesem Gebiet.<\/p>\n<p>Dr.med.chir. Serif Yavuz ist Mitglied der ASAPA (American Society for Aesthetic Plastic Surgery), der anerkanntesten Gemeinschaft der Welt. Er nimmt auch aktiv an regelm\u00e4\u00dfigen Treffen teil, indem er die neuesten Techniken und Technologieentwicklungen auf dem Gebiet verfolgt.<\/p>\n<p>Dr.med.chir. Serif Yavuz ist spezialisiert auf Nasenkorrekturen, sekund\u00e4re Nasenkorrekturen, Brustoperationen, Fettabsaugung, Bauchstraffung und post-bariatrischen Eingriffen. Er f\u00fchrte plastische Operationen f\u00fcr Patienten durch, die die T\u00fcrkei aus der ganzen Welt besuchen.<\/p>\n<p>Dr.med.chir. Serif Yavuz f\u00fchrte die Operationen in den angesehensten Krankenh\u00e4usern Istanbuls durch, dank jahrelanger Erfahrung sind seine Patienten sehr zufrieden mit seiner Kommunikation und nat\u00fcrlich, mit den Ergebnissen.<\/p>\n<p>Dr.med.chir. Serif Yavuz hat in seiner beruflichen Laufbahn viele Operationen an lokalen und internationalen Patienten durchgef\u00fchrt. Er hat ihnen geholfen, ihr eigenes Aussehen zu erreichen, nach dem sie suchen. Dies ist das Ergebnis der von ihm durchgef\u00fchrten Operationen und nicht-chirurgischen Verfahren sowie seines Wissens, seiner Erfahrung und seines Fachwissens.<\/p>\n<h2>Einige der Vereinigungen, denen Dr.med.chir. \u015eerif Yavuz verbunden ist:<\/h2>\n<p>Gesellschaft f\u00fcr \u00c4sthetisch-Plastische Chirurgie<\/p>\n<p>T\u00fcrkische Gesellschaft f\u00fcr Plastische, Rekonstruktive und \u00c4sthetische Chirurgie<\/p>\n<p>Gesellschaft f\u00fcr Notfallhandchirurgie und Mikrochirurgie<\/p>\n<p>Amerikanische Gesellschaft f\u00fcr \u00c4sthetisch-Plastische Chirurgie<\/p>\n<h3>Wo befindet sich die Praxis der Dr.med.chir. \u015eerif Yavuz?<\/h3>\n<p>Die Praxis befindet sich in Ni\u015fanta\u015f\u0131, einer der anst\u00e4ndigsten Stadtteil von Istanbul.<\/p>\n<h3>Wie kann man Dr.med.chir. \u015eerif Yavuz kontaktieren?<\/h3>\n<p>Sie k\u00f6nnen die Assistentin des Arztes \u00fcber die folgende Nummer erreichen: 00905422983831<\/p>\n<p>Oder k\u00f6nnen Sie direkt eine WhatsApp-Nachricht senden, indem Sie hier klicken.<\/p>\n","protected":false},"excerpt":{"rendered":"<p>Wer ist Dr.med.chir. \u015eerif Yavuz? Dr.med.chir. Serif Yavuz wurde 1983 in Istanbul geboren. Er schloss seine Grund- und Mittelschulausbildung in Istanbul ab. Im Jahr 2000 begann er seine Ausbildung zum Arzt an der Dokuz Eyl\u00fcl Universit\u00e4t f\u00fcr Medizin.Nach dem Abschluss seiner Ausbildung im Jahr 2007 absolvierte er erfolgreich seine Ausbildung f\u00fcr rekonstruktive und \u00e4sthetische Chirurgie, [&hellip;]<\/p>\n","protected":false},"author":1,"featured_media":236,"parent":0,"menu_order":0,"comment_status":"closed","ping_status":"closed","template":"","meta":{"footnotes":""},"class_list":["post-228","page","type-page","status-publish","has-post-thumbnail","hentry"],"aioseo_notices":[],"_links":{"self":[{"href":"https:\/\/www.serifyavuz.com\/de\/wp-json\/wp\/v2\/pages\/228","targetHints":{"allow":["GET"]}}],"collection":[{"href":"https:\/\/www.serifyavuz.com\/de\/wp-json\/wp\/v2\/pages"}],"about":[{"href":"https:\/\/www.serifyavuz.com\/de\/wp-json\/wp\/v2\/types\/page"}],"author":[{"embeddable":true,"href":"https:\/\/www.serifyavuz.com\/de\/wp-json\/wp\/v2\/users\/1"}],"replies":[{"embeddable":true,"href":"https:\/\/www.serifyavuz.com\/de\/wp-json\/wp\/v2\/comments?post=228"}],"version-history":[{"count":8,"href":"https:\/\/www.serifyavuz.com\/de\/wp-json\/wp\/v2\/pages\/228\/revisions"}],"predecessor-version":[{"id":657,"href":"https:\/\/www.serifyavuz.com\/de\/wp-json\/wp\/v2\/pages\/228\/revisions\/657"}],"wp:featuredmedia":[{"embeddable":true,"href":"https:\/\/www.serifyavuz.com\/de\/wp-json\/wp\/v2\/media\/236"}],"wp:attachment":[{"href":"https:\/\/www.serifyavuz.com\/de\/wp-json\/wp\/v2\/media?parent=228"}],"curies":[{"name":"wp","href":"https:\/\/api.w.org\/{rel}","templated":true}]}}