{"id":228,"date":"2022-12-21T14:38:50","date_gmt":"2022-12-21T11:38:50","guid":{"rendered":"https:\/\/www.serifyavuz.com\/en\/?page_id=228"},"modified":"2024-12-19T23:32:48","modified_gmt":"2024-12-19T20:32:48","slug":"about-us","status":"publish","type":"page","link":"https:\/\/www.serifyavuz.com\/en\/about-us\/","title":{"rendered":"About  Us"},"content":{"rendered":"\t\t<div data-elementor-type=\"wp-page\" data-elementor-id=\"228\" class=\"elementor elementor-228\" data-elementor-post-type=\"page\">\n\t\t\t\t\t\t<section class=\"elementor-section elementor-top-section elementor-element elementor-element-c052e90 elementor-section-full_width elementor-section-height-default elementor-section-height-default\" data-id=\"c052e90\" data-element_type=\"section\">\n\t\t\t\t\t\t<div class=\"elementor-container elementor-column-gap-default\">\n\t\t\t\t\t<div class=\"elementor-column elementor-col-100 elementor-top-column elementor-element elementor-element-f7a2a12\" data-id=\"f7a2a12\" data-element_type=\"column\">\n\t\t\t<div class=\"elementor-widget-wrap elementor-element-populated\">\n\t\t\t\t\t\t<div class=\"elementor-element elementor-element-b45e9df elementor-widget elementor-widget-heading\" data-id=\"b45e9df\" data-element_type=\"widget\" data-widget_type=\"heading.default\">\n\t\t\t\t<div class=\"elementor-widget-container\">\n\t\t\t\t\t<h2 class=\"elementor-heading-title elementor-size-default\">Dr. \u015eerif Yavuz, Aesthetic, Plastic and Reconstructive Surgeon<\/h2>\t\t\t\t<\/div>\n\t\t\t\t<\/div>\n\t\t\t\t<div class=\"elementor-element elementor-element-0bfe1e7 elementor-widget elementor-widget-text-editor\" data-id=\"0bfe1e7\" data-element_type=\"widget\" data-widget_type=\"text-editor.default\">\n\t\t\t\t<div class=\"elementor-widget-container\">\n\t\t\t\t\t\t\t\t\t<p><b>About Us;<\/b><\/p>\n<p><strong>Op. Dr. \u015eerif Yavuz<\/strong> was born in <a href=\"https:\/\/en.wikipedia.org\/wiki\/Istanbul\" target=\"_blank\" rel=\"noopener\">Istanbul<\/a> in 1983. After completing his primary and secondary education in Istanbul, he started his education at Dokuz Eyl\u00fcl Medical Faculty in 2000. After completing his education in 2007, he successfully completed his <b>plastic reconstructive and aesthetic surgery<\/b> training in Abant \u0130zzet Baysal University Faculty of Medicine in 2014.<\/p>\n<p>During his specialization training, he received <strong>microsurgery<\/strong> training from <strong>the University of Zurich, Switzerland<\/strong> in 2013. He especially examined the effects of stem cells and collagen synthesis, and conducted many studies and research in this area.<\/p>\n<p><strong>Dr. \u015eerif Yavuz<\/strong> is a member of <strong>ASAPS<\/strong> (American Society of Aesthetic Plastic Surgery), which is the most prestigious society in the world, and actively participates in regular meetings by following the latest techniques and technological developments in his field.<\/p>\n<p><strong>Dr. \u015eerif Yavuz<\/strong> specializes in <a href=\"\/en\/rhinoplasty-surgery\/\"><strong>rhinoplasty<\/strong><\/a>, <a href=\"\/en\/secondary-rhinoplasty\/\">secondary rhinoplasty<\/a>, <a href=\"\/en\/breast-augmentation\/\">breast surgery<\/a>, <a href=\"\/en\/liposuction\/\">liposuction<\/a>, <a href=\"\/en\/tummy-tuck-abdominoplasty\/\">tummy tuck<\/a> and <strong>post bariatric surgery<\/strong>. Dr. Yavuz performs surgeries for many of our patients from <strong>Turkey<\/strong> and <strong>abroad<\/strong>, especially in the field of <strong>aesthetic surgery.<\/strong><\/p>\n<p>He performs surgeries in distinguished hospitals in Istanbul and thanks to years of experience, his patients are very satisfied with their communication and results.<\/p>\n<ul>\n<li>Aesthetic Plastic Surgery Association<\/li>\n<li>Turkish Society of Plastic, Reconstructive and Aesthetic Surgery<\/li>\n<li>ASSOCIATION OF EMERGENCY HAND SURGERY and MICROSURGERY<\/li>\n<li>American Society of Aesthetic Plastic Surgery<\/li>\n<\/ul>\t\t\t\t\t\t\t\t<\/div>\n\t\t\t\t<\/div>\n\t\t\t\t<div class=\"elementor-element elementor-element-cf8903a elementor-widget elementor-widget-image\" data-id=\"cf8903a\" data-element_type=\"widget\" data-widget_type=\"image.default\">\n\t\t\t\t<div class=\"elementor-widget-container\">\n\t\t\t\t\t\t\t\t\t\t\t\t\t\t\t<img fetchpriority=\"high\" decoding=\"async\" width=\"1024\" height=\"812\" src=\"https:\/\/www.serifyavuz.com\/en\/wp-content\/uploads\/2023\/03\/serif-1024x812.jpg\" class=\"attachment-large size-large wp-image-785\" alt=\"Dr. Serif Yavuz\" srcset=\"https:\/\/www.serifyavuz.com\/en\/wp-content\/uploads\/2023\/03\/serif-1024x812.jpg 1024w, https:\/\/www.serifyavuz.com\/en\/wp-content\/uploads\/2023\/03\/serif-300x238.jpg 300w, https:\/\/www.serifyavuz.com\/en\/wp-content\/uploads\/2023\/03\/serif-768x609.jpg 768w, https:\/\/www.serifyavuz.com\/en\/wp-content\/uploads\/2023\/03\/serif-1536x1217.jpg 1536w, https:\/\/www.serifyavuz.com\/en\/wp-content\/uploads\/2023\/03\/serif.jpg 1600w\" sizes=\"(max-width: 1024px) 100vw, 1024px\" \/>\t\t\t\t\t\t\t\t\t\t\t\t\t\t\t<\/div>\n\t\t\t\t<\/div>\n\t\t\t\t\t<\/div>\n\t\t<\/div>\n\t\t\t\t\t<\/div>\n\t\t<\/section>\n\t\t\t\t<section class=\"elementor-section elementor-top-section elementor-element elementor-element-536af211 elementor-section-boxed elementor-section-height-default elementor-section-height-default\" data-id=\"536af211\" data-element_type=\"section\">\n\t\t\t\t\t\t<div class=\"elementor-container elementor-column-gap-default\">\n\t\t\t\t\t<div class=\"elementor-column elementor-col-100 elementor-top-column elementor-element elementor-element-1de38dd6\" data-id=\"1de38dd6\" data-element_type=\"column\">\n\t\t\t<div class=\"elementor-widget-wrap elementor-element-populated\">\n\t\t\t\t\t\t<div class=\"elementor-element elementor-element-43dee6ba elementor-widget elementor-widget-text-editor\" data-id=\"43dee6ba\" data-element_type=\"widget\" data-widget_type=\"text-editor.default\">\n\t\t\t\t<div class=\"elementor-widget-container\">\n\t\t\t\t\t\t\t\t\t<h3 class=\"elementor-heading-title elementor-size-default\">Where is Op. Dr \u015eerif Yavuz Clinic?<\/h3><p><strong>Op. Dr. \u015eerif Yavuz<\/strong> has served many local and foreign patients with empathy, dialogue and a patient-centered approach during his professional life of more than 10 years, where he worked as an <strong>Aesthetic, Plastic and Reconstructive Surgeon<\/strong>, and he is in <em><strong>Ni\u015fanta\u015f\u0131 Aesthetic Clinic<\/strong>\u00a0<\/em>continues to serve. In both aesthetic surgery or non-surgical medical aesthetic procedures; Whether in trauma or post-cancer reconstruction procedures, many of our patients rely on their knowledge, experience and dexterity with Op. Dr. He entrusted it to \u015eerif Yavuz.<\/p><ul><li>Our clinic is in Ni\u015fanta\u015f\u0131, in the most decent place of Istanbul<\/li><li>Friendly and professional service<\/li><li>Call us now :\u00a0<a href=\"https:\/\/api.whatsapp.com\/send?phone=905301266449\" target=\"_self\" rel=\"nofollow external noopener noreferrer sponsored ugc\" data-wpel-link=\" external\">0533 469 09 71<\/a><\/li><\/ul>\t\t\t\t\t\t\t\t<\/div>\n\t\t\t\t<\/div>\n\t\t\t\t\t<\/div>\n\t\t<\/div>\n\t\t\t\t\t<\/div>\n\t\t<\/section>\n\t\t\t\t<section class=\"elementor-section elementor-top-section elementor-element elementor-element-95d86c9 elementor-section-boxed elementor-section-height-default elementor-section-height-default\" data-id=\"95d86c9\" data-element_type=\"section\">\n\t\t\t\t\t\t<div class=\"elementor-container elementor-column-gap-default\">\n\t\t\t\t\t<div class=\"elementor-column elementor-col-100 elementor-top-column elementor-element elementor-element-a89c76e\" data-id=\"a89c76e\" data-element_type=\"column\">\n\t\t\t<div class=\"elementor-widget-wrap elementor-element-populated\">\n\t\t\t\t\t\t<div class=\"elementor-element elementor-element-2949258 elementor-widget elementor-widget-image\" data-id=\"2949258\" data-element_type=\"widget\" data-widget_type=\"image.default\">\n\t\t\t\t<div class=\"elementor-widget-container\">\n\t\t\t\t\t\t\t\t\t\t\t\t\t\t\t<img decoding=\"async\" width=\"793\" height=\"362\" src=\"https:\/\/www.serifyavuz.com\/en\/wp-content\/uploads\/2023\/11\/istanbul-turkey-about-us-serif-yavuz.jpg\" class=\"attachment-large size-large wp-image-2224\" alt=\"istanbul-turkey-about-us-serif-yavuz\" srcset=\"https:\/\/www.serifyavuz.com\/en\/wp-content\/uploads\/2023\/11\/istanbul-turkey-about-us-serif-yavuz.jpg 793w, https:\/\/www.serifyavuz.com\/en\/wp-content\/uploads\/2023\/11\/istanbul-turkey-about-us-serif-yavuz-300x137.jpg 300w, https:\/\/www.serifyavuz.com\/en\/wp-content\/uploads\/2023\/11\/istanbul-turkey-about-us-serif-yavuz-768x351.jpg 768w\" sizes=\"(max-width: 793px) 100vw, 793px\" \/>\t\t\t\t\t\t\t\t\t\t\t\t\t\t\t<\/div>\n\t\t\t\t<\/div>\n\t\t\t\t\t<\/div>\n\t\t<\/div>\n\t\t\t\t\t<\/div>\n\t\t<\/section>\n\t\t\t\t<section class=\"elementor-section elementor-top-section elementor-element elementor-element-e69cd34 elementor-section-full_width elementor-section-height-default elementor-section-height-default\" data-id=\"e69cd34\" data-element_type=\"section\">\n\t\t\t\t\t\t<div class=\"elementor-container elementor-column-gap-default\">\n\t\t\t\t\t<div class=\"elementor-column elementor-col-100 elementor-top-column elementor-element elementor-element-2844cee\" data-id=\"2844cee\" data-element_type=\"column\">\n\t\t\t<div class=\"elementor-widget-wrap elementor-element-populated\">\n\t\t\t\t\t\t<div class=\"elementor-element elementor-element-4a2f948 elementor-widget elementor-widget-heading\" data-id=\"4a2f948\" data-element_type=\"widget\" data-widget_type=\"heading.default\">\n\t\t\t\t<div class=\"elementor-widget-container\">\n\t\t\t\t\t<h3 class=\"elementor-heading-title elementor-size-medium\"><span style=\"font-size: 24px;font-weight: var( --e-global-typography-primary-font-weight );text-align: justify\">Our Privileges<\/span><\/h3>\t\t\t\t<\/div>\n\t\t\t\t<\/div>\n\t\t\t\t<div class=\"elementor-element elementor-element-d1b68dd elementor-widget elementor-widget-text-editor\" data-id=\"d1b68dd\" data-element_type=\"widget\" data-widget_type=\"text-editor.default\">\n\t\t\t\t<div class=\"elementor-widget-container\">\n\t\t\t\t\t\t\t\t\t<ul><li><strong><span style=\"text-decoration: underline;\">Continuing Education:<\/span><\/strong> Op. Dr. \u015eerif Yavuz is constantly improving himself with the dozens of courses and training programs he attends.<\/li><li><strong><span style=\"text-decoration: underline;\">In the Center of the City:<\/span><\/strong> We are pleased to serve you from an easily accessible location with our clinic located in Ni\u015fanta\u015f\u0131, the apple of the eye of Istanbul<\/li><li><strong><span style=\"text-decoration: underline;\">Smiling Service:<\/span><\/strong> We care and think about you. Our patients are as valuable as they are important to us. For this reason, we always provide friendly and professional service to our patients.<\/li><li><strong><span style=\"text-decoration: underline;\">International Service:<\/span><\/strong> Our domestic and international patients can safely receive service from us without any doubts.<\/li><li><strong><span style=\"text-decoration: underline;\">100% Positive Feedback:<\/span><\/strong> Op. Dr. \u015eerif Yavuz always does his job with great care and meticulousness.<\/li><li><strong><span style=\"text-decoration: underline;\">10 Years of Experience:<\/span><\/strong> We are always with you with 10 years of experience<\/li><\/ul>\t\t\t\t\t\t\t\t<\/div>\n\t\t\t\t<\/div>\n\t\t\t\t\t<\/div>\n\t\t<\/div>\n\t\t\t\t\t<\/div>\n\t\t<\/section>\n\t\t\t\t<\/div>\n\t\t","protected":false},"excerpt":{"rendered":"<p>Dr. \u015eerif Yavuz, Aesthetic, Plastic and Reconstructive Surgeon About Us; Op. Dr. \u015eerif Yavuz was born in Istanbul in 1983. After completing his primary and secondary education in Istanbul, he started his education at Dokuz Eyl\u00fcl Medical Faculty in 2000. After completing his education in 2007, he successfully completed his plastic reconstructive and aesthetic surgery [&hellip;]<\/p>\n","protected":false},"author":1,"featured_media":236,"parent":0,"menu_order":0,"comment_status":"closed","ping_status":"closed","template":"","meta":{"footnotes":""},"class_list":["post-228","page","type-page","status-publish","has-post-thumbnail","hentry"],"_links":{"self":[{"href":"https:\/\/www.serifyavuz.com\/en\/wp-json\/wp\/v2\/pages\/228","targetHints":{"allow":["GET"]}}],"collection":[{"href":"https:\/\/www.serifyavuz.com\/en\/wp-json\/wp\/v2\/pages"}],"about":[{"href":"https:\/\/www.serifyavuz.com\/en\/wp-json\/wp\/v2\/types\/page"}],"author":[{"embeddable":true,"href":"https:\/\/www.serifyavuz.com\/en\/wp-json\/wp\/v2\/users\/1"}],"replies":[{"embeddable":true,"href":"https:\/\/www.serifyavuz.com\/en\/wp-json\/wp\/v2\/comments?post=228"}],"version-history":[{"count":26,"href":"https:\/\/www.serifyavuz.com\/en\/wp-json\/wp\/v2\/pages\/228\/revisions"}],"predecessor-version":[{"id":4622,"href":"https:\/\/www.serifyavuz.com\/en\/wp-json\/wp\/v2\/pages\/228\/revisions\/4622"}],"wp:featuredmedia":[{"embeddable":true,"href":"https:\/\/www.serifyavuz.com\/en\/wp-json\/wp\/v2\/media\/236"}],"wp:attachment":[{"href":"https:\/\/www.serifyavuz.com\/en\/wp-json\/wp\/v2\/media?parent=228"}],"curies":[{"name":"wp","href":"https:\/\/api.w.org\/{rel}","templated":true}]}}